{"id":271,"date":"2022-06-28T19:23:38","date_gmt":"2022-06-28T19:23:38","guid":{"rendered":"http:\/\/www.ongsolaris.md\/?page_id=271"},"modified":"2022-06-28T19:28:25","modified_gmt":"2022-06-28T19:28:25","slug":"elena-ivanovna-rerih","status":"publish","type":"page","link":"https:\/\/www.ongsolaris.md\/ro\/elena-ivanovna-rerih\/","title":{"rendered":"Elena Roerich"},"content":{"rendered":"<p><img loading=\"lazy\" decoding=\"async\" class=\"size-full wp-image-59 alignleft\" src=\"http:\/\/www.ongsolaris.md\/wp-content\/uploads\/eir.jpg\" alt=\"\" width=\"145\" height=\"207\" \/><\/p>\n<h2>Elena Roerich<\/h2>\n<p>(12.02. 1879 \u2013 05.10.55)<\/p>\n<p>Filosof, pre\u0219edinte-fondator al Institutului Interna\u021bional de Cercet\u0103ri din Himalaya \u201eUrusvati\u201d; traduc\u0103toare a celor dou\u0103 volume ale \u201eDoctrinei Secrete\u02ee de Elena Blavatski.<\/p>\n<p><strong>C\u0103r\u021bi<\/strong> scrise de Elena Roerich:<\/p>\n<p>\u201eEtica vie\u201d (Agni Yoga) \u2013 14 volume<\/p>\n<p>\u201e\u00cen pragul Lumii Noi\u201d<\/p>\n<p>\u201eBazele budismului\u201d<\/p>\n<p>\u201eCriptogramele Orientului\u201d<\/p>\n<p>\u201eDrapelul Sf\u00e2ntului Serghie de Radonej\u201d<\/p>\n<p>\u201eTrei chei\u201d<\/p>\n<p>Scrisori<\/p>\n<p><strong>Citate<\/strong> scrise de Elena Roerich:<\/p>\n<p>\u201eCultura este \u00een esen\u021b\u0103 evolu\u021bie, prin negarea Culturii \u015fi \u00eenlocuirea ei cu tehnocra\u021bie, noi respingem evolu\u021bia \u0219i \u00eenc\u0103lc\u0103m Legea cosmic\u0103.\u201d<\/p>\n<p>\u201eFiecare g\u00e2nd frumos, fiecare manifestare individual\u0103 a frumuse\u021bii creeaz\u0103 deja o evolu\u021bie \u00een sine \u0219i, prin aceasta, serve\u0219te Binelui Comun.\u201d<\/p>\n<p>\u201eNimic nu poate purifica g\u00e2ndurile \u0219i ridica vibra\u021biile noastre precum arta, aceasta este puterea ei divin\u0103.\u201d<\/p>\n<p>\u201eSentimentul frumuse\u021bii este un adev\u0103rat test. Dac\u0103 o persoan\u0103 este cu adev\u0103rat dezvoltat\u0103 spiritual, atunci trebuie s\u0103 posede \u0219i sentimentul de frumuse\u021be.\u02ee<\/p>\n<p>.<\/p>\n<p>\u201ePrieteni, munci\u021bi prin tensionarea tuturor for\u0163elor, c\u0103ci doar la limita tension\u0103rilor vin oportunit\u0103\u021bi noi. Legile sunt similare \u00een toate \u0219i \u0219tim c\u0103 energiile noi se nasc la limita celor mai puternice tensiuni. Prin urmare, cre\u0219terea activit\u0103\u021bii \u0219i intensificarea for\u021belor v\u0103 vor oferi dob\u00e2ndirea frumuse\u021bii.\u02ee<\/p>\n<p>\u201eG\u00e2ndurile tale sunt copiii t\u0103i. Pe fiecare din ele trebuie s\u0103 \u00eel faci minunat. Fiecare g\u00e2nd trebuie s\u0103 fie o putere creatoare, \u00eendreptat\u0103 spre bine. \u0162ine minte \u00eentotdeauna, puterea g\u00e2ndului este foarte mare. Preg\u0103te\u0219te-o s\u0103 o folose\u0219ti pentru a ajuta lumea.\u201d<\/p>\n<p>\u201eVia\u021ba \u0219i Iubirea sunt o for\u021b\u0103 puternic\u0103, datorit\u0103 c\u0103reia totul exist\u0103 \u00een Univers. Iubirea este puterea care conduce lumea: tot ceea ce se face \u00een numele ei de\u0163ine puterea legii mondiale. Numai av\u00e2nd iubire fa\u0163\u0103 de tot ce te \u00eenconjoar\u0103, vei putea \u00eenvinge r\u0103ul. S\u0103 aduci iubire, oriunde mergi. \u00cen cur\u00e2nd \u00ee\u021bi vei da seama cum ea te va ajuta pe toate c\u0103ile tale.<\/p>\n<p>Fii pur \u0219i fie ca iubirea s\u0103 curg\u0103 prin tine precum mireasma se revars\u0103 din flori. Ia o decizie ferm\u0103 \u0219i neclintit\u0103 de a fi  expresia iubirii \u0219i a dorin\u021bei de a ajuta oriunde po\u0163i. Fie ca via\u021ba ta s\u0103 fie o raz\u0103 de bucurie pentru al\u021bii. Caut\u0103 \u00een sufletul t\u0103u diamantele pe care le po\u0163i pune \u00een vistieria binelui comun.\u02ee<\/p>\n<p>\u201eFiecare epoc\u0103 are propria sa chemare, iar puterea g\u00e2ndului va fi \u00eenceputul chem\u0103rii Lumii Noi. De aceea, v\u0103 chem\u0103m s\u0103 asimila\u021bi marea semnifica\u021bie a g\u00e2ndului creativ \u015fi prima etap\u0103 pe aceast\u0103 cale va fi DESCHIDEREA CON\u0218TIIN\u021aEI, a eliber\u0103rii de toate prejudec\u0103\u021bile, de toate conceptele preconcepute \u0219i impuse.<\/p>\n<p>S\u0103 \u00eembr\u0103\u021bi\u0219\u0103m cu privirea \u00eentreaga \u00eentindere a cerului nop\u021bii, s\u0103 \u00eenconjur\u0103m prin zborul g\u00e2ndului toate lumile nenum\u0103rate \u0219i toate locurile tainice ale Spa\u021biului infinit. C\u0103ci g\u00e2ndul, \u00een esen\u021ba sa, este nem\u0103rginit \u0219i numai con\u0219tiin\u021ba noastr\u0103 \u00eel limiteaz\u0103. De aceea, f\u0103r\u0103 \u00eent\u00e2rziere, s\u0103 trecem la etapa urm\u0103toare \u2013 EXTINDEREA CON\u0218TIIN\u021aEI.\u02ee<\/p>","protected":false},"excerpt":{"rendered":"<p>\u0415\u043b\u0435\u043d\u0430 \u0418\u0432\u0430\u043d\u043e\u0432\u043d\u0430 \u0420\u0435\u0440\u0438\u0445 (12.02. 1879 \u2013 05.10.55) \u0424\u0438\u043b\u043e\u0441\u043e\u0444, \u043f\u0440\u0435\u0437\u0438\u0434\u0435\u043d\u0442-\u043e\u0441\u043d\u043e\u0432\u0430\u0442\u0435\u043b\u044c \u041c\u0435\u0436\u0434\u0443\u043d\u0430\u0440\u043e\u0434\u043d\u043e\u0433\u043e \u0418\u043d\u0441\u0442\u0438\u0442\u0443\u0442\u0430 \u0413\u0438\u043c\u0430\u043b\u0430\u0439\u0441\u043a\u0438\u0445 \u0438\u0441\u0441\u043b\u0435\u0434\u043e\u0432\u0430\u043d\u0438\u0439 \u00ab\u0423\u0440\u0443\u0441\u0432\u0430\u0442\u0438\u00bb; \u043f\u0435\u0440\u0435\u0432\u043e\u0434\u0447\u0438\u043a \u0434\u0432\u0443\u0445 \u0442\u043e\u043c\u043e\u0432 \u201c\u0422\u0430\u0439\u043d\u043e\u0439 \u0414\u043e\u043a\u0442\u0440\u0438\u043d\u044b\u201d \u0415\u043b\u0435\u043d\u044b \u041f\u0435\u0442\u0440\u043e\u0432\u043d\u044b \u0411\u043b\u0430\u0432\u0430\u0442\u0441\u043a\u043e\u0439. \u041a\u043d\u0438\u0433\u0438 \u0415.\u0418.\u0420\u0435\u0440\u0438\u0445: \u00ab\u0416\u0438\u0432\u0430\u044f \u042d\u0442\u0438\u043a\u0430\u00bb (\u0410\u0433\u043d\u0438 \u0419\u043e\u0433\u0430) \u2013 14 \u0442\u043e\u043c\u043e\u0432 \u00ab\u0423 \u043f\u043e\u0440\u043e\u0433\u0430 \u041d\u043e\u0432\u043e\u0433\u043e \u043c\u0438\u0440\u0430\u00bb \u00ab\u041e\u0441\u043d\u043e\u0432\u044b \u0431\u0443\u0434\u0434\u0438\u0437\u043c\u0430\u00bb \u00ab\u041a\u0440\u0438\u043f\u0442\u043e\u0433\u0440\u0430\u043c\u043c\u044b \u0412\u043e\u0441\u0442\u043e\u043a\u0430\u00bb \u00ab\u0417\u043d\u0430\u043c\u044f \u041f\u0440\u0435\u043f\u043e\u0434\u043e\u0431\u043d\u043e\u0433\u043e \u0421\u0435\u0440\u0433\u0438\u044f \u0420\u0430\u0434\u043e\u043d\u0435\u0436\u0441\u043a\u043e\u0433\u043e\u00bb \u00ab\u0422\u0440\u0438 \u043a\u043b\u044e\u0447\u0430\u00bb \u041f\u0438\u0441\u044c\u043c\u0430 \u2013? \u0426\u0438\u0442\u0430\u0442\u044b \u0415.\u0418.\u0420\u0435\u0440\u0438\u0445: \u00ab\u041a\u0443\u043b\u044c\u0442\u0443\u0440\u0430 \u0432 \u043e\u0441\u043d\u043e\u0432\u0435 \u0441\u0432\u043e\u0435\u0439 \u0435\u0441\u0442\u044c \u044d\u0432\u043e\u043b\u044e\u0446\u0438\u044f, [&hellip;]<\/p>","protected":false},"author":1,"featured_media":0,"parent":0,"menu_order":0,"comment_status":"closed","ping_status":"closed","template":"","meta":{"footnotes":""},"class_list":["post-271","page","type-page","status-publish","hentry"],"_links":{"self":[{"href":"https:\/\/www.ongsolaris.md\/ro\/wp-json\/wp\/v2\/pages\/271","targetHints":{"allow":["GET"]}}],"collection":[{"href":"https:\/\/www.ongsolaris.md\/ro\/wp-json\/wp\/v2\/pages"}],"about":[{"href":"https:\/\/www.ongsolaris.md\/ro\/wp-json\/wp\/v2\/types\/page"}],"author":[{"embeddable":true,"href":"https:\/\/www.ongsolaris.md\/ro\/wp-json\/wp\/v2\/users\/1"}],"replies":[{"embeddable":true,"href":"https:\/\/www.ongsolaris.md\/ro\/wp-json\/wp\/v2\/comments?post=271"}],"version-history":[{"count":4,"href":"https:\/\/www.ongsolaris.md\/ro\/wp-json\/wp\/v2\/pages\/271\/revisions"}],"predecessor-version":[{"id":275,"href":"https:\/\/www.ongsolaris.md\/ro\/wp-json\/wp\/v2\/pages\/271\/revisions\/275"}],"wp:attachment":[{"href":"https:\/\/www.ongsolaris.md\/ro\/wp-json\/wp\/v2\/media?parent=271"}],"curies":[{"name":"wp","href":"https:\/\/api.w.org\/{rel}","templated":true}]}}