{"id":276,"date":"2022-06-28T19:30:17","date_gmt":"2022-06-28T19:30:17","guid":{"rendered":"http:\/\/www.ongsolaris.md\/?page_id=276"},"modified":"2022-06-28T19:31:00","modified_gmt":"2022-06-28T19:31:00","slug":"nikolaj-konstantinovich-rerih","status":"publish","type":"page","link":"https:\/\/www.ongsolaris.md\/ro\/nikolaj-konstantinovich-rerih\/","title":{"rendered":"Nicolae Roerich"},"content":{"rendered":"<p><img loading=\"lazy\" decoding=\"async\" class=\"size-full wp-image-60 alignleft\" src=\"http:\/\/www.ongsolaris.md\/wp-content\/uploads\/nkr.jpg\" alt=\"\" width=\"145\" height=\"207\" \/><\/p>\n<h2>Nicolae Roerich<\/h2>\n<p>(09.10.1974 -13.12.1947)<\/p>\n<p>Academician, artist cu renume mondial <strong>\u00a0<\/strong><strong>&#8212;<\/strong> Maestru inedit al mun\u021bilor, om de \u0219tiin\u021b\u0103, filozof, arheolog, autor al Pactului P\u0103cii (Pactul Roerich), scriitor, persoan\u0103 public\u0103 (fondatorul a peste 200 de organiza\u021bii culturale).<\/p>\n<p><strong>.<\/strong> N. Roerich a pictat peste  7000 de tablouri.<\/p>\n<p><strong>C\u0103r\u021bi<\/strong> de Nicolae Roerich:<\/p>\n<p>\u201ePuterea luminii\u201d<\/p>\n<p>\"Indestructibilul\"<\/p>\n<p>\u201eFort\u0103rea\u0163a de foc\u201d<\/p>\n<p>\u201ePoarta spre viitor\u201d<\/p>\n<p>\u201eAltai \u2013 Himalaya\u201d<\/p>\n<p>\u201eInima Asiei\u201d<\/p>\n<p>\u201eFlorile lui Moria\u201d<\/p>\n<p>\u201eC\u0103ile binecuv\u00e2nt\u0103rilor\u201d<\/p>\n<p>\u201eShambala\u02ee<\/p>\n<p>\u201eFoile jurnalului\u02eeetc.<\/p>\n<p><strong>Citate <\/strong>de Nicolae Roerich:<\/p>\n<p>\u201eCultura este venerarea Luminii\u201d.<\/p>\n<p>\u201eCultur\u0103 \u2013 \u201ecult\u201d \u2013 venerare, \u201eUr\u201d \u2013 Lumin\u0103. Toate calit\u0103\u021bile cele mai bune ale unei persoane sunt luminoase.\u201d<\/p>\n<p>\u201ePrincipalul lucru este s\u0103 distrugem bacilii g\u00e2ndurilor joase, care sunt mai contagio\u015fi dec\u00e2t toate bolile. Trebuie s\u0103 avem grij\u0103 nu de cuvintele rostite, ci de g\u00e2nduri.\u201d<\/p>\n<p>.<\/p>\n<p>\u201eExist\u0103 o singur\u0103 condi\u021bie pentru \u00eentreaga omenire \u2013 limbajul comun al inimii \u0219i, posed\u00e2nd acest limbaj, putem distruge toate ne\u00een\u021belegerile, pentru c\u0103 putem ac\u021biona cu o sinceritate deplin\u0103.\u201d<\/p>\n<p>\u201eSpiritul uman se umple de acea chemare, at\u00e2t de atr\u0103g\u0103toare \u015fi de nest\u0103p\u00e2nit atunci c\u00e2nd, dep\u0103\u0219ind toate dificult\u0103\u021bile, urc\u0103 pe aceste \u00een\u0103l\u021bimi.\u201d<\/p>\n<p>\u201e\u0218i atunci c\u00e2nd afirm\u0103m: Dragoste, Frumuse\u021be \u0219i Ac\u021biune, \u0219tim c\u0103 rostim formula limbajului interna\u021bional... Semnul Frumuse\u021bii va deschide toate \u201epor\u021bile sacre\u201d. Sub semnul frumuse\u021bii, noi mergem cu bucurie. Cucerim prin frumuse\u0163e. Ne rug\u0103m pentru frumuse\u021be. Ne unim \u00een numele frumuse\u0163ii. \u0218i acum rostim aceste cuvinte nu pe v\u00e2rfurile \u00eenz\u0103pezite, ci \u00een agita\u021bia ora\u0219ului. \u0218i, sim\u021bind calea adev\u0103rului, noi \u00eent\u00e2lnim viitorul z\u00e2mbind.\u02ee<\/p>\n<p>\u201e\u00cen fiecare aspira\u0163ie spre \u00een\u0103l\u0163ime, \u00een fiecare ascensiune exist\u0103 o bucurie de nedescris. Av\u00e2ntul interior cheam\u0103 irezistibil oamenii spre \u00een\u0103l\u021bimi.\u201d<\/p>","protected":false},"excerpt":{"rendered":"<p>\u041d\u0438\u043a\u043e\u043b\u0430\u0439 \u041a\u043e\u043d\u0441\u0442\u0430\u043d\u0442\u0438\u043d\u043e\u0432\u0438\u0447 \u0420\u0435\u0440\u0438\u0445 (09.10.1974 -13.12.1947) \u0410\u043a\u0430\u0434\u0435\u043c\u0438\u043a, \u0432\u0441\u0435\u043c\u0438\u0440\u043d\u043e-\u0438\u0437\u0432\u0435\u0441\u0442\u043d\u044b\u0439 \u0445\u0443\u0434\u043e\u0436\u043d\u0438\u043a \u00a0&#8212; \u043d\u0435\u043f\u0440\u0435\u0432\u0437\u043e\u0439\u0434\u0435\u043d\u043d\u044b\u0439 \u041c\u0430\u0441\u0442\u0435\u0440 \u0433\u043e\u0440, \u0443\u0447\u0435\u043d\u044b\u0439, \u0444\u0438\u043b\u043e\u0441\u043e\u0444, \u0430\u0440\u0445\u0435\u043e\u043b\u043e\u0433, \u0430\u0432\u0442\u043e\u0440 \u041f\u0430\u043a\u0442\u0430 \u041c\u0438\u0440\u0430 (\u041f\u0430\u043a\u0442\u0430 \u0420\u0435\u0440\u0438\u0445\u0430), \u043f\u0438\u0441\u0430\u0442\u0435\u043b\u044c, \u043e\u0431\u0449\u0435\u0441\u0442\u0432\u0435\u043d\u043d\u044b\u0439 \u0434\u0435\u044f\u0442\u0435\u043b\u044c (\u043e\u0441\u043d\u043e\u0432\u0430\u0442\u0435\u043b\u044c \u043e\u043a\u043e\u043b\u043e 200 \u043e\u0431\u0449\u0435\u0441\u0442\u0432\u0435\u043d\u043d\u044b\u0445 \u043e\u0440\u0433\u0430\u043d\u0438\u0437\u0430\u0446\u0438\u0439). \u041a\u0430\u0440\u0442\u0438\u043d\u044b \u041d.\u041a.\u0420\u0435\u0440\u0438\u0445\u2013 \u0431\u043e\u043b\u0435\u0435 7000\u2026 \u0445\u0443\u0434\u043e\u0436\u0435\u0441\u0442\u0432\u0435\u043d\u043d\u044b\u0445 \u043f\u0440\u043e\u0438\u0437\u0432\u0435\u0434\u0435\u043d\u0438\u0439 \u041a\u043d\u0438\u0433\u0438 \u041d.\u041a.\u0420\u0435\u0440\u0438\u0445: \u00ab\u0414\u0435\u0440\u0436\u0430\u0432\u0430 \u0421\u0432\u0435\u0442\u0430\u00bb \u00ab\u041d\u0435\u0440\u0443\u0448\u0438\u043c\u043e\u0435\u00bb \u00ab\u0422\u0432\u0435\u0440\u0434\u044b\u043d\u044f \u043f\u043b\u0430\u043c\u0435\u043d\u043d\u0430\u044f\u00bb \u00ab\u0412\u0440\u0430\u0442\u0430 \u0432 \u0431\u0443\u0434\u0443\u0449\u0435\u0435\u00bb \u00ab\u0410\u043b\u0442\u0430\u0439 \u2013 \u0413\u0438\u043c\u0430\u043b\u0430\u0438\u00bb \u00ab\u0421\u0435\u0440\u0434\u0446\u0435 \u0410\u0437\u0438\u0438\u00bb \u00ab\u0426\u0432\u0435\u0442\u044b \u041c\u043e\u0440\u0438\u0438\u00bb \u00ab\u041f\u0443\u0442\u0438 \u0411\u043b\u0430\u0433\u043e\u0441\u043b\u043e\u0432\u0435\u043d\u0438\u044f\u00bb \u00ab\u0428\u0430\u043c\u0431\u0430\u043b\u0430\u00bb \u00ab\u041b\u0438\u0441\u0442\u044b [&hellip;]<\/p>","protected":false},"author":1,"featured_media":0,"parent":0,"menu_order":0,"comment_status":"closed","ping_status":"closed","template":"","meta":{"footnotes":""},"class_list":["post-276","page","type-page","status-publish","hentry"],"_links":{"self":[{"href":"https:\/\/www.ongsolaris.md\/ro\/wp-json\/wp\/v2\/pages\/276","targetHints":{"allow":["GET"]}}],"collection":[{"href":"https:\/\/www.ongsolaris.md\/ro\/wp-json\/wp\/v2\/pages"}],"about":[{"href":"https:\/\/www.ongsolaris.md\/ro\/wp-json\/wp\/v2\/types\/page"}],"author":[{"embeddable":true,"href":"https:\/\/www.ongsolaris.md\/ro\/wp-json\/wp\/v2\/users\/1"}],"replies":[{"embeddable":true,"href":"https:\/\/www.ongsolaris.md\/ro\/wp-json\/wp\/v2\/comments?post=276"}],"version-history":[{"count":2,"href":"https:\/\/www.ongsolaris.md\/ro\/wp-json\/wp\/v2\/pages\/276\/revisions"}],"predecessor-version":[{"id":278,"href":"https:\/\/www.ongsolaris.md\/ro\/wp-json\/wp\/v2\/pages\/276\/revisions\/278"}],"wp:attachment":[{"href":"https:\/\/www.ongsolaris.md\/ro\/wp-json\/wp\/v2\/media?parent=276"}],"curies":[{"name":"wp","href":"https:\/\/api.w.org\/{rel}","templated":true}]}}