{"id":279,"date":"2022-06-28T19:32:41","date_gmt":"2022-06-28T19:32:41","guid":{"rendered":"http:\/\/www.ongsolaris.md\/?page_id=279"},"modified":"2022-06-28T19:32:41","modified_gmt":"2022-06-28T19:32:41","slug":"yurij-nikolaevich-rerih","status":"publish","type":"page","link":"https:\/\/www.ongsolaris.md\/ro\/yurij-nikolaevich-rerih\/","title":{"rendered":"Iurie Roerich"},"content":{"rendered":"<h2><img loading=\"lazy\" decoding=\"async\" class=\"size-full wp-image-58 alignleft\" src=\"http:\/\/www.ongsolaris.md\/wp-content\/uploads\/ynr.jpg\" alt=\"\" width=\"144\" height=\"207\" \/>Iurie Roerich<\/h2>\n<p>fiul cel mai mare al Elenei \u0219i al lui Nicolae Roerich<\/p>\n<p>(16.08.1902 - 21.05.1960) remarcabil orientalist rus, doctor \u00een \u0219tiin\u021be filologice, profesor, director al Institutului Himalayan de Cercetare \u201eUrusvati\u02ee, lingvist, traduc\u0103tor (cuno\u0219tea peste 30 de limbi \u0219i dialecte orientale \u015fi europene), umanist, enciclopedist, arheolog, istoric, specialist \u00een domeniul artelor.<\/p>\n<p><strong>C\u0103r\u021bi <\/strong>scrise de Iurie Roerich:<\/p>\n<p>\u201eDic\u021bionar tibetan-rus-englez cu paralele sanscrite\u201d 10 volume<\/p>\n<p>\u201eLimba tibetan\u0103\u201d<\/p>\n<p>\u201ePe c\u0103ile Asiei Centrale\u201d<\/p>\n<p>\u201eBudismul \u0219i unitatea cultural\u0103 a Asiei\u201d<\/p>\n<p>\u201eStilul s\u0103lbatic al nomazilor din nordul Tibetului\u201d<\/p>\n<p>\u201eAscensiunea orientalismului\u201d<\/p>\n<p>\u201ePentru studiul Kalachakrei\u201d<\/p>\n<p>\u201eIstoria Asiei Centrale\u201d<\/p>\n<p>\u201ePictura tibetan\u0103\u201d<\/p>\n<p>\u201eFoile amintirilor\u201d<\/p>\n<p>Scrisori etc.<\/p>\n<p><strong>Citate <\/strong>scrise de Iurie Roerich:<\/p>\n<p><strong>\u201e<\/strong>Fie ca tinerii s\u0103 acumuleze for\u0163e spirituale, s\u0103 amplifice entuziasmul \u0219i aspira\u021bia.\u201d<\/p>\n<p>\u201eDac\u0103 un om are un caracter moral, el a\u015fa \u015fi va fi, indiferent dac\u0103 o s\u0103-l \u00eenve\u0163i asta sau nu. A face pe cineva s\u0103 devin\u0103 moral e imposibil, la fel ca \u015fi s\u0103 devin\u0103 curajos.\u201d<\/p>\n<p>\u201e...este nevoie de o metod\u0103 accelerat\u0103 de trezire a con\u0219tiin\u021belor. Nu avem suficient timp ca s\u0103 ne ad\u00e2ncim prea mult \u00een lec\u0163ii, chiar \u0219i \u00een c\u0103r\u021bi. Este necesar s\u0103 asimil\u0103m rapid chintesen\u021ba, sinteza spiritului, metoda adev\u0103rat\u0103 de  preg\u0103tire vertiginoas\u0103 a sinelui pentru munc\u0103.\u201d<\/p>\n<p>\u201e\u00cenv\u0103\u021b\u0103m\u00e2ntul universitar \u00eempiedic\u0103 uneori realiz\u0103rile yoghine, deoarece dezvolt\u0103 o minte \u00eengust specializat\u0103, g\u00e2ndirea se obi\u0219nuie\u0219te cu mi\u0219carea pe un anumit canal \u015fi nu poate s\u0103 g\u00e2ndeasc\u0103 liber, intuitiv.\u201d<\/p>\n<p>\u201eMul\u021bi cuget\u0103 despre libertate. Omul l\u0103untric este \u00eentotdeauna liber. Principalul lucru este omul l\u0103untric.\u201d<\/p>\n<p>\u201eArta \u00eei va \u00eennobila pe oameni.\u201d<\/p>\n<p>\u201eFie ca aspira\u021biile \u0219i c\u0103ut\u0103rile s\u0103 se manifeste \u00een art\u0103 \u0219i cultur\u0103, acesta este cel mai important lucru.\u201d<\/p>\n<p>\u201eEste necesar ca prin \u0219tiin\u021b\u0103, art\u0103, moralitate s\u0103 influen\u021b\u0103m pe ceilal\u021bi \u0219i s\u0103 trezim entuziasmul \u0219i eroismul. Este necesar s\u0103 men\u021binem entuziasmul \u00een orice, dac\u0103 el este \u00eendreptat spre binele comun.\u201d<\/p>","protected":false},"excerpt":{"rendered":"<p>\u042e\u0440\u0438\u0439 \u041d\u0438\u043a\u043e\u043b\u0430\u0435\u0432\u0438\u0447 \u0420\u0435\u0440\u0438\u0445 \u0441\u0442\u0430\u0440\u0448\u0438\u0439 \u0441\u044b\u043d \u0415\u043b\u0435\u043d\u044b \u0438 \u041d\u0438\u043a\u043e\u043b\u0430\u044f \u0420\u0435\u0440\u0438\u0445 (16.08.1902 \u2013 21.05.1960) \u0432\u044b\u0434\u0430\u044e\u0449\u0438\u0439\u0441\u044f \u0440\u0443\u0441\u0441\u043a\u0438\u0439 \u0432\u043e\u0441\u0442\u043e\u043a\u043e\u0432\u0435\u0434, \u0434\u043e\u043a\u0442\u043e\u0440 \u0444\u0438\u043b\u043e\u043b\u043e\u0433\u0438\u0447\u0435\u0441\u043a\u0438\u0445 \u043d\u0430\u0443\u043a, \u043f\u0440\u043e\u0444\u0435\u0441\u0441\u043e\u0440, \u0434\u0438\u0440\u0435\u043a\u0442\u043e\u0440 \u0418\u043d\u0441\u0442\u0438\u0442\u0443\u0442\u0430 \u0433\u0438\u043c\u0430\u043b\u0430\u0439\u0441\u043a\u0438\u0445 \u0438\u0441\u0441\u043b\u0435\u0434\u043e\u0432\u0430\u043d\u0438\u0439 \u00ab\u0423\u0440\u0443\u0441\u0432\u0430\u0442\u0438\u00bb, \u043b\u0438\u043d\u0433\u0432\u0438\u0441\u0442, \u043f\u0435\u0440\u0435\u0432\u043e\u0434\u0447\u0438\u043a (\u0432\u043b\u0430\u0434\u0435\u0432\u0448\u0438\u0439 30 \u044f\u0437\u044b\u043a\u0430\u043c\u0438 \u0438 \u043d\u0430\u0440\u0435\u0447\u0438\u044f\u043c\u0438), \u0433\u0443\u043c\u0430\u043d\u0438\u0441\u0442, \u044d\u043d\u0446\u0438\u043a\u043b\u043e\u043f\u0435\u0434\u0438\u0441\u0442, \u0430\u0440\u0445\u0435\u043e\u043b\u043e\u0433, \u0438\u0441\u0442\u043e\u0440\u0438\u043a, \u0438\u0441\u043a\u0443\u0441\u0441\u0442\u0432\u043e\u0432\u0435\u0434. \u041a\u043d\u0438\u0433\u0438 \u042e.\u041d.\u0420\u0435\u0440\u0438\u0445: \u00ab\u0422\u0438\u0431\u0435\u0442\u0441\u043a\u043e-\u0440\u0443\u0441\u0441\u043a\u043e-\u0430\u043d\u0433\u043b\u0438\u0439\u0441\u043a\u0438\u0439 \u0441\u043b\u043e\u0432\u0430\u0440\u044c \u0441 \u0441\u0430\u043d\u0441\u043a\u0440\u0438\u0442\u0441\u043a\u0438\u043c\u0438 \u043f\u0430\u0440\u0430\u043b\u043b\u0435\u043b\u044f\u043c\u0438\u00bb 10 \u0442\u043e\u043c\u043e\u0432 \u00ab\u0422\u0438\u0431\u0435\u0442\u0441\u043a\u0438\u0439 \u044f\u0437\u044b\u043a\u00bb \u00ab\u041f\u043e \u0442\u0440\u043e\u043f\u0430\u043c \u0421\u0440\u0435\u0434\u0438\u043d\u043d\u043e\u0439 \u0410\u0437\u0438\u0438\u00bb \u00ab\u0411\u0443\u0434\u0434\u0438\u0437\u043c \u0438 \u043a\u0443\u043b\u044c\u0442\u0443\u0440\u043d\u043e\u0435 \u0435\u0434\u0438\u043d\u0441\u0442\u0432\u043e [&hellip;]<\/p>","protected":false},"author":1,"featured_media":0,"parent":0,"menu_order":0,"comment_status":"closed","ping_status":"closed","template":"","meta":{"footnotes":""},"class_list":["post-279","page","type-page","status-publish","hentry"],"_links":{"self":[{"href":"https:\/\/www.ongsolaris.md\/ro\/wp-json\/wp\/v2\/pages\/279","targetHints":{"allow":["GET"]}}],"collection":[{"href":"https:\/\/www.ongsolaris.md\/ro\/wp-json\/wp\/v2\/pages"}],"about":[{"href":"https:\/\/www.ongsolaris.md\/ro\/wp-json\/wp\/v2\/types\/page"}],"author":[{"embeddable":true,"href":"https:\/\/www.ongsolaris.md\/ro\/wp-json\/wp\/v2\/users\/1"}],"replies":[{"embeddable":true,"href":"https:\/\/www.ongsolaris.md\/ro\/wp-json\/wp\/v2\/comments?post=279"}],"version-history":[{"count":1,"href":"https:\/\/www.ongsolaris.md\/ro\/wp-json\/wp\/v2\/pages\/279\/revisions"}],"predecessor-version":[{"id":280,"href":"https:\/\/www.ongsolaris.md\/ro\/wp-json\/wp\/v2\/pages\/279\/revisions\/280"}],"wp:attachment":[{"href":"https:\/\/www.ongsolaris.md\/ro\/wp-json\/wp\/v2\/media?parent=279"}],"curies":[{"name":"wp","href":"https:\/\/api.w.org\/{rel}","templated":true}]}}