{"id":281,"date":"2022-06-28T19:35:35","date_gmt":"2022-06-28T19:35:35","guid":{"rendered":"http:\/\/www.ongsolaris.md\/?page_id=281"},"modified":"2022-09-13T13:55:36","modified_gmt":"2022-09-13T10:55:36","slug":"svyatoslav-nikolaevich-rerih","status":"publish","type":"page","link":"https:\/\/www.ongsolaris.md\/ro\/svyatoslav-nikolaevich-rerih\/","title":{"rendered":"Sveatoslav Roerich"},"content":{"rendered":"<h2><img loading=\"lazy\" decoding=\"async\" class=\"size-full wp-image-57 alignleft\" src=\"http:\/\/www.ongsolaris.md\/wp-content\/uploads\/snr.jpg\" alt=\"\" width=\"145\" height=\"208\" \/>Sveatoslav Roerich<\/h2>\n<p>fiul mai mic al Elenei \u0219i al lui Nicolae Roerich<\/p>\n<p>(23.10.1904 - 30.01.1993) pictor rus \u0219i indian, academician, membru de onoare al Academiei de Arte a URSS, iluminist, persoan\u0103 public\u0103.<\/p>\n<p><strong>.<\/strong>Sveatoslav Roerich a pictat peste 4000 de tablouri.<\/p>\n<p><strong>C\u0103r\u021bi <\/strong>scrise de Sveatoslav Roerich<\/p>\n<p>\u201eArta \u0219i via\u021ba\u201d<\/p>\n<p>\u201ePictura indian\u0103\u201d<\/p>\n<p>\u201ePor\u0163ile spre via\u021ba suprem\u0103\u201d<\/p>\n<p>Scrisori etc.<\/p>\n<p><strong>Citate <\/strong>scrise de Sveatoslav Roerich<\/p>\n<p>\u201eCel mai bun dar pe care \u00eel po\u021bi aduce omenirii e s\u0103 devii mai bun.\u201d<\/p>\n<p>\u201eN\u0103zuind spre perfec\u021biune, noi intr\u0103m \u00een contact cu for\u021bele care ne \u00eenconjoar\u0103 \u0219i astfel se deschid noi oportunit\u0103\u021bi.\u201d <em>.<\/em>.<\/p>\n<p>\u201eArta m\u0103rea\u0163\u0103 ne conduce spre con\u015ftientizarea valorilor adev\u0103rate ale vie\u021bii. Pe m\u0103sura ignoran\u021bei lor, oamenii cred c\u0103 prin \u00eenmul\u021birea bog\u0103\u021biei materiale, devenim mai buni \u0219i rezolv\u0103m astfel toate problemele urgente. Dar noi \u0219tim bine c\u0103 bog\u0103\u021bia f\u0103r\u0103 lumina c\u0103l\u0103uzitoare a \u00een\u021belepciunii \u0219i bun\u0103t\u0103\u021bii devine periculoas\u0103, precum doar intelectul f\u0103r\u0103 lumina \u201eEul-ui\u201d superior nu poate face o persoan\u0103 s\u0103 devin\u0103 mai bun\u0103.\u201d<\/p>\n<p>\u201e\u00cen realitate, nu ar trebui s\u0103 existe loc pentru ur\u0103 \u0219i r\u0103utate, dorin\u021ba unei persoane, a unei na\u021biuni, a unui stat de a se ridica deasupra altuia.<\/p>\n<p>Sentimentul nostru de iubire trebuie s\u0103 fie universal. Noi trebuie s\u0103-i consider\u0103m pe to\u021bi apropia\u0163ii no\u015ftri, fra\u021bii no\u0219tri \u0219i s\u0103 construim acel pod mare de prietenie, care \u00eei une\u0219te pe to\u021bi \u0219i duce spre o via\u021b\u0103 nou\u0103. \u00cen esen\u0163\u0103, planeta noastr\u0103 este at\u00e2t de mic\u0103 \u00eenc\u00e2t to\u021bi depindem unii de al\u021bii, precum membrii unei familii.<\/p>\n<p>\u0218i trebuie s\u0103 \u0163inem minte mereu c\u0103 am ie\u0219it din infinit \u0219i eternitate, iar \u00eenaintea acestor dou\u0103 momente m\u0103re\u021be to\u021bi suntem egali! \u0218i de\u0219i \u00eenc\u0103 nu le putem con\u015ftientiza pentru sine, trebuie s\u0103 percepem acest lucru ca fiind realitate, ca parte integrant\u0103 a existen\u021bei noastre.\u201d<\/p>\n<div id='gallery-1' class='gallery galleryid-281 gallery-columns-3 gallery-size-medium'><figure class='gallery-item'>\n\t\t\t<div class='gallery-icon landscape'>\n\t\t\t\t<img loading=\"lazy\" decoding=\"async\" width=\"300\" height=\"148\" src=\"https:\/\/www.ongsolaris.md\/wp-content\/uploads\/900_hristos_ucheniki-300x148.jpg\" class=\"attachment-medium size-medium\" alt=\"\" srcset=\"https:\/\/www.ongsolaris.md\/wp-content\/uploads\/900_hristos_ucheniki-300x148.jpg 300w, https:\/\/www.ongsolaris.md\/wp-content\/uploads\/900_hristos_ucheniki-768x380.jpg 768w, https:\/\/www.ongsolaris.md\/wp-content\/uploads\/900_hristos_ucheniki-18x9.jpg 18w, https:\/\/www.ongsolaris.md\/wp-content\/uploads\/900_hristos_ucheniki.jpg 900w\" sizes=\"auto, (max-width: 300px) 100vw, 300px\" \/>\n\t\t\t<\/div><\/figure><figure class='gallery-item'>\n\t\t\t<div class='gallery-icon landscape'>\n\t\t\t\t<img loading=\"lazy\" decoding=\"async\" width=\"300\" height=\"186\" src=\"https:\/\/www.ongsolaris.md\/wp-content\/uploads\/a17ff30d2a69f38449dbb76b3be27fc8-300x186.jpg\" class=\"attachment-medium size-medium\" alt=\"\" srcset=\"https:\/\/www.ongsolaris.md\/wp-content\/uploads\/a17ff30d2a69f38449dbb76b3be27fc8-300x186.jpg 300w, https:\/\/www.ongsolaris.md\/wp-content\/uploads\/a17ff30d2a69f38449dbb76b3be27fc8-1024x636.jpg 1024w, https:\/\/www.ongsolaris.md\/wp-content\/uploads\/a17ff30d2a69f38449dbb76b3be27fc8-768x477.jpg 768w, https:\/\/www.ongsolaris.md\/wp-content\/uploads\/a17ff30d2a69f38449dbb76b3be27fc8-18x12.jpg 18w, https:\/\/www.ongsolaris.md\/wp-content\/uploads\/a17ff30d2a69f38449dbb76b3be27fc8.jpg 1130w\" sizes=\"auto, (max-width: 300px) 100vw, 300px\" \/>\n\t\t\t<\/div><\/figure><figure class='gallery-item'>\n\t\t\t<div class='gallery-icon landscape'>\n\t\t\t\t<img loading=\"lazy\" decoding=\"async\" width=\"300\" height=\"187\" src=\"https:\/\/www.ongsolaris.md\/wp-content\/uploads\/image061-300x187.jpg\" class=\"attachment-medium size-medium\" alt=\"\" srcset=\"https:\/\/www.ongsolaris.md\/wp-content\/uploads\/image061-300x187.jpg 300w, https:\/\/www.ongsolaris.md\/wp-content\/uploads\/image061-768x478.jpg 768w, https:\/\/www.ongsolaris.md\/wp-content\/uploads\/image061-18x12.jpg 18w, https:\/\/www.ongsolaris.md\/wp-content\/uploads\/image061.jpg 780w\" sizes=\"auto, (max-width: 300px) 100vw, 300px\" \/>\n\t\t\t<\/div><\/figure><figure class='gallery-item'>\n\t\t\t<div class='gallery-icon landscape'>\n\t\t\t\t<img loading=\"lazy\" decoding=\"async\" width=\"300\" height=\"156\" src=\"https:\/\/www.ongsolaris.md\/wp-content\/uploads\/painting_id2332-snr_vozlyubi_blighnego_svoego_gospodom_tvoim-300x156.jpg\" class=\"attachment-medium size-medium\" alt=\"\" srcset=\"https:\/\/www.ongsolaris.md\/wp-content\/uploads\/painting_id2332-snr_vozlyubi_blighnego_svoego_gospodom_tvoim-300x156.jpg 300w, https:\/\/www.ongsolaris.md\/wp-content\/uploads\/painting_id2332-snr_vozlyubi_blighnego_svoego_gospodom_tvoim-768x399.jpg 768w, https:\/\/www.ongsolaris.md\/wp-content\/uploads\/painting_id2332-snr_vozlyubi_blighnego_svoego_gospodom_tvoim-18x9.jpg 18w, https:\/\/www.ongsolaris.md\/wp-content\/uploads\/painting_id2332-snr_vozlyubi_blighnego_svoego_gospodom_tvoim.jpg 800w\" sizes=\"auto, (max-width: 300px) 100vw, 300px\" \/>\n\t\t\t<\/div><\/figure><figure class='gallery-item'>\n\t\t\t<div class='gallery-icon landscape'>\n\t\t\t\t<img loading=\"lazy\" decoding=\"async\" width=\"300\" height=\"188\" src=\"https:\/\/www.ongsolaris.md\/wp-content\/uploads\/painting_id2336-snr_dobryy_samarityanin-300x188.jpg\" class=\"attachment-medium size-medium\" alt=\"\" srcset=\"https:\/\/www.ongsolaris.md\/wp-content\/uploads\/painting_id2336-snr_dobryy_samarityanin-300x188.jpg 300w, https:\/\/www.ongsolaris.md\/wp-content\/uploads\/painting_id2336-snr_dobryy_samarityanin-18x12.jpg 18w, https:\/\/www.ongsolaris.md\/wp-content\/uploads\/painting_id2336-snr_dobryy_samarityanin.jpg 700w\" sizes=\"auto, (max-width: 300px) 100vw, 300px\" \/>\n\t\t\t<\/div><\/figure><figure class='gallery-item'>\n\t\t\t<div class='gallery-icon landscape'>\n\t\t\t\t<img loading=\"lazy\" decoding=\"async\" width=\"300\" height=\"178\" src=\"https:\/\/www.ongsolaris.md\/wp-content\/uploads\/painting_id2393-snr_kanchendghanga_vecherom-300x178.jpg\" class=\"attachment-medium size-medium\" alt=\"\" srcset=\"https:\/\/www.ongsolaris.md\/wp-content\/uploads\/painting_id2393-snr_kanchendghanga_vecherom-300x178.jpg 300w, https:\/\/www.ongsolaris.md\/wp-content\/uploads\/painting_id2393-snr_kanchendghanga_vecherom-18x12.jpg 18w, https:\/\/www.ongsolaris.md\/wp-content\/uploads\/painting_id2393-snr_kanchendghanga_vecherom.jpg 600w\" sizes=\"auto, (max-width: 300px) 100vw, 300px\" \/>\n\t\t\t<\/div><\/figure><figure class='gallery-item'>\n\t\t\t<div class='gallery-icon landscape'>\n\t\t\t\t<img loading=\"lazy\" decoding=\"async\" width=\"300\" height=\"188\" src=\"https:\/\/www.ongsolaris.md\/wp-content\/uploads\/painting_id2428-snr_devochka_s_dvumya_ovcami_devochka-gaddi-300x188.jpg\" class=\"attachment-medium size-medium\" alt=\"\" srcset=\"https:\/\/www.ongsolaris.md\/wp-content\/uploads\/painting_id2428-snr_devochka_s_dvumya_ovcami_devochka-gaddi-300x188.jpg 300w, https:\/\/www.ongsolaris.md\/wp-content\/uploads\/painting_id2428-snr_devochka_s_dvumya_ovcami_devochka-gaddi-18x12.jpg 18w, https:\/\/www.ongsolaris.md\/wp-content\/uploads\/painting_id2428-snr_devochka_s_dvumya_ovcami_devochka-gaddi.jpg 480w\" sizes=\"auto, (max-width: 300px) 100vw, 300px\" \/>\n\t\t\t<\/div><\/figure><figure class='gallery-item'>\n\t\t\t<div class='gallery-icon landscape'>\n\t\t\t\t<img loading=\"lazy\" decoding=\"async\" width=\"300\" height=\"181\" src=\"https:\/\/www.ongsolaris.md\/wp-content\/uploads\/painting_id2434-snr_vestnik-300x181.jpg\" class=\"attachment-medium size-medium\" alt=\"\" srcset=\"https:\/\/www.ongsolaris.md\/wp-content\/uploads\/painting_id2434-snr_vestnik-300x181.jpg 300w, https:\/\/www.ongsolaris.md\/wp-content\/uploads\/painting_id2434-snr_vestnik-18x12.jpg 18w, https:\/\/www.ongsolaris.md\/wp-content\/uploads\/painting_id2434-snr_vestnik.jpg 482w\" sizes=\"auto, (max-width: 300px) 100vw, 300px\" \/>\n\t\t\t<\/div><\/figure><figure class='gallery-item'>\n\t\t\t<div class='gallery-icon landscape'>\n\t\t\t\t<img loading=\"lazy\" decoding=\"async\" width=\"300\" height=\"201\" src=\"https:\/\/www.ongsolaris.md\/wp-content\/uploads\/painting_id2447-snr_gepang_gepan-300x201.jpg\" class=\"attachment-medium size-medium\" alt=\"\" srcset=\"https:\/\/www.ongsolaris.md\/wp-content\/uploads\/painting_id2447-snr_gepang_gepan-300x201.jpg 300w, https:\/\/www.ongsolaris.md\/wp-content\/uploads\/painting_id2447-snr_gepang_gepan-18x12.jpg 18w, https:\/\/www.ongsolaris.md\/wp-content\/uploads\/painting_id2447-snr_gepang_gepan.jpg 480w\" sizes=\"auto, (max-width: 300px) 100vw, 300px\" \/>\n\t\t\t<\/div><\/figure><figure class='gallery-item'>\n\t\t\t<div class='gallery-icon landscape'>\n\t\t\t\t<img loading=\"lazy\" decoding=\"async\" width=\"300\" height=\"201\" src=\"https:\/\/www.ongsolaris.md\/wp-content\/uploads\/painting_id2448-snr_dve_vershiny_gepang-300x201.jpg\" class=\"attachment-medium size-medium\" alt=\"\" srcset=\"https:\/\/www.ongsolaris.md\/wp-content\/uploads\/painting_id2448-snr_dve_vershiny_gepang-300x201.jpg 300w, https:\/\/www.ongsolaris.md\/wp-content\/uploads\/painting_id2448-snr_dve_vershiny_gepang-768x514.jpg 768w, https:\/\/www.ongsolaris.md\/wp-content\/uploads\/painting_id2448-snr_dve_vershiny_gepang-18x12.jpg 18w, https:\/\/www.ongsolaris.md\/wp-content\/uploads\/painting_id2448-snr_dve_vershiny_gepang.jpg 800w\" sizes=\"auto, (max-width: 300px) 100vw, 300px\" \/>\n\t\t\t<\/div><\/figure><figure class='gallery-item'>\n\t\t\t<div class='gallery-icon landscape'>\n\t\t\t\t<img loading=\"lazy\" decoding=\"async\" width=\"300\" height=\"150\" src=\"https:\/\/www.ongsolaris.md\/wp-content\/uploads\/painting_id2492-snr_dolina_malany_dolina_manali_-300x150.jpg\" class=\"attachment-medium size-medium\" alt=\"\" srcset=\"https:\/\/www.ongsolaris.md\/wp-content\/uploads\/painting_id2492-snr_dolina_malany_dolina_manali_-300x150.jpg 300w, https:\/\/www.ongsolaris.md\/wp-content\/uploads\/painting_id2492-snr_dolina_malany_dolina_manali_-18x9.jpg 18w, https:\/\/www.ongsolaris.md\/wp-content\/uploads\/painting_id2492-snr_dolina_malany_dolina_manali_.jpg 540w\" sizes=\"auto, (max-width: 300px) 100vw, 300px\" \/>\n\t\t\t<\/div><\/figure>\n\t\t<\/div>","protected":false},"excerpt":{"rendered":"<p>\u0421\u0432\u044f\u0442\u043e\u0441\u043b\u0430\u0432 \u041d\u0438\u043a\u043e\u043b\u0430\u0435\u0432\u0438\u0447 \u0420\u0435\u0440\u0438\u0445 \u043c\u043b\u0430\u0434\u0448\u0438\u0439 \u0441\u044b\u043d \u0415\u043b\u0435\u043d\u044b \u0438 \u041d\u0438\u043a\u043e\u043b\u0430\u044f \u0420\u0435\u0440\u0438\u0445 (23.10.1904 &#8212; 30.01.1993) \u0440\u0443\u0441\u0441\u043a\u0438\u0439 \u0438 \u0438\u043d\u0434\u0438\u0439\u0441\u043a\u0438\u0439 \u0445\u0443\u0434\u043e\u0436\u043d\u0438\u043a, \u0430\u043a\u0430\u0434\u0435\u043c\u0438\u043a, \u043f\u043e\u0447\u0451\u0442\u043d\u044b\u0439 \u0447\u043b\u0435\u043d \u0410\u043a\u0430\u0434\u0435\u043c\u0438\u0438 \u0425\u0443\u0434\u043e\u0436\u0435\u0441\u0442\u0432 \u0421\u0421\u0421\u0420, \u043f\u0440\u043e\u0441\u0432\u0435\u0442\u0438\u0442\u0435\u043b\u044c, \u043e\u0431\u0449\u0435\u0441\u0442\u0432\u0435\u043d\u043d\u044b\u0439 \u0434\u0435\u044f\u0442\u0435\u043b\u044c. \u041a\u0430\u0440\u0442\u0438\u043d\u044b: \u043e\u043a\u043e\u043b\u043e 4000 \u0445\u0443\u0434\u043e\u0436\u0435\u0441\u0442\u0432\u0435\u043d\u043d\u044b\u0445 \u043f\u0440\u043e\u0438\u0437\u0432\u0435\u0434\u0435\u043d\u0438\u0439 \u041a\u043d\u0438\u0433\u0438 \u0421.\u041d.\u0420\u0435\u0440\u0438\u0445: \u00ab\u0418\u0441\u043a\u0443\u0441\u0441\u0442\u0432\u043e \u0438 \u0436\u0438\u0437\u043d\u044c\u00bb \u00ab\u0418\u043d\u0434\u0438\u0439\u0441\u043a\u0430\u044f \u0436\u0438\u0432\u043e\u043f\u0438\u0441\u044c\u00bb \u00ab\u0412\u0440\u0430\u0442\u0430 \u0432 \u0432\u044b\u0441\u0448\u0443\u044e \u0436\u0438\u0437\u043d\u044c\u00bb \u041f\u0438\u0441\u044c\u043c\u0430 \u0438 \u0434\u0440. \u0426\u0438\u0442\u0430\u0442\u044b \u0421.\u041d.\u0420\u0435\u0440\u0438\u0445: \u00ab\u041b\u0443\u0447\u0448\u0438\u0439 \u0434\u0430\u0440, \u043a\u043e\u0442\u043e\u0440\u044b\u0439 \u0432\u044b \u043c\u043e\u0436\u0435\u0442\u0435 \u043f\u0440\u0438\u043d\u0435\u0441\u0442\u0438 \u0447\u0435\u043b\u043e\u0432\u0435\u0447\u0435\u0441\u0442\u0432\u0443, &#8212; \u044d\u0442\u043e [&hellip;]<\/p>","protected":false},"author":1,"featured_media":0,"parent":0,"menu_order":0,"comment_status":"closed","ping_status":"closed","template":"","meta":{"footnotes":""},"class_list":["post-281","page","type-page","status-publish","hentry"],"_links":{"self":[{"href":"https:\/\/www.ongsolaris.md\/ro\/wp-json\/wp\/v2\/pages\/281","targetHints":{"allow":["GET"]}}],"collection":[{"href":"https:\/\/www.ongsolaris.md\/ro\/wp-json\/wp\/v2\/pages"}],"about":[{"href":"https:\/\/www.ongsolaris.md\/ro\/wp-json\/wp\/v2\/types\/page"}],"author":[{"embeddable":true,"href":"https:\/\/www.ongsolaris.md\/ro\/wp-json\/wp\/v2\/users\/1"}],"replies":[{"embeddable":true,"href":"https:\/\/www.ongsolaris.md\/ro\/wp-json\/wp\/v2\/comments?post=281"}],"version-history":[{"count":4,"href":"https:\/\/www.ongsolaris.md\/ro\/wp-json\/wp\/v2\/pages\/281\/revisions"}],"predecessor-version":[{"id":374,"href":"https:\/\/www.ongsolaris.md\/ro\/wp-json\/wp\/v2\/pages\/281\/revisions\/374"}],"wp:attachment":[{"href":"https:\/\/www.ongsolaris.md\/ro\/wp-json\/wp\/v2\/media?parent=281"}],"curies":[{"name":"wp","href":"https:\/\/api.w.org\/{rel}","templated":true}]}}