{"id":69,"date":"2021-07-14T10:32:12","date_gmt":"2021-07-14T10:32:12","guid":{"rendered":"http:\/\/www.ongsolaris.md\/?page_id=69"},"modified":"2023-05-09T11:09:51","modified_gmt":"2023-05-09T08:09:51","slug":"kontakty","status":"publish","type":"page","link":"https:\/\/www.ongsolaris.md\/ro\/kontakty\/","title":{"rendered":"Contacte"},"content":{"rendered":"<div class=\"brz-root__container brz-reset-all\">\n<section data-uid=\"vqfxoyujxknijewgzdztxyroraadeguctvlk\" id=\"vqfxoyujxknijewgzdztxyroraadeguctvlk\" name=\"vqfxoyujxknijewgzdztxyroraadeguctvlk\" class=\"brz-section brz-css-zcmvk\">\n<div class=\"brz-section__content brz-section--boxed brz-css-skcgp brz-css-jztpo\" data-custom-id=\"bekptjkuciiqwfkoaiygzlynsuvifugyzmpk\">\n<div class=\"brz-bg overflow-hidden !z-auto absolute top-0 left-0 w-full h-full\">\n<div class=\"brz-bg-image absolute top-0 left-0 w-full h-full bg-no-repeat bg-cover\"><\/div>\n<div class=\"brz-bg-color absolute top-0 left-0 w-full h-full\"><\/div>\n<\/div>\n<div class=\"brz-container brz-css-nycrq brz-css-yfoje\">\n<div class=\"brz-css-bzqpy brz-css-ilcnn brz-wrapper\">\n<div class=\"brz-rich-text brz-rich-text__custom brz-css-gydln\" data-custom-id=\"oqdnykvibihtxoiktzknwegbuddwwvkgmwoq\">\n<div>\n<h2 class=\"brz-css-kfqzz\"><span class=\"brz-cp-color2\">Ne pute\u0163i scrie <\/span><\/h2>\n<\/div>\n<\/div>\n<\/div>\n<div class=\"brz-css-bzqpy brz-css-fffup brz-css-upybr brz-wrapper\">\n<div class=\"brz-spacer brz-css-pceoh brz-css-uumrx\"><\/div>\n<\/div>\n<div class=\"brz-row__container brz-css-myodo\" data-custom-id=\"uawyexndlfxubybatlenpinxzrevbnxmimuc\">\n<div class=\"brz-bg overflow-hidden !z-auto absolute top-0 left-0 w-full h-full\"><\/div>\n<div class=\"brz-row brz-css-prbly brz-css-yxajc\">\n<div class=\"brz-columns brz-css-ezytw brz-css-upzpk\" data-custom-id=\"agrxckasvxhuphpaawvmaxvndfomgtcwudrj\">\n<div class=\"brz-bg overflow-hidden !z-auto absolute top-0 left-0 w-full h-full\"><\/div>\n<div class=\"brz-column__items brz-css-azflv\">\n<div class=\"brz-css-bzqpy brz-css-bdcyq brz-wrapper\">\n<div data-form-version=\"2\" class=\"brz-forms2 brz-css-wyigg brz-css-ccbur\" data-custom-id=\"imrhorejqlrawvwezpnuvoyoksheeztnexhi\">\n<form class=\"brz-form brz-d-xs-flex brz-flex-xs-wrap\" action=\"https:\/\/www.ongsolaris.md\/wp-admin\/admin-ajax.php?action=brizy_submit_form\" novalidate data-form-id=\"imrhorejqlrawvwezpnuvoyoksheeztnexhi\" data-project-id=\"dca14744bb80f7811e4dc1c7acffadbe\" data-success data-error data-redirect>\n<div class=\"brz-forms2__item brz-css-supot brz-css-natdj brz-css-ejhbj\"><input type=\"text\" id=\"gnvjhlfimdpbslgygxsqzgehcccvjbilymhc\" name=\"hhhvsnyyitkszylxshkbndojfcjiaxodsoir\" placeholder=\"Numele\" required data-type=\"Text\" data-label=\"\u041a\u0430\u043a \u0412\u0430\u0441 \u0437\u043e\u0432\u0443\u0442\" data-placeholder=\"\u041a\u0430\u043a \u0412\u0430\u0441 \u0437\u043e\u0432\u0443\u0442\" class=\"brz-input brz-forms2__field brz-forms2__field-text\"><\/div>\n<div class=\"brz-forms2__item brz-css-supot brz-css-natdj brz-css-ejhbj\"><input type=\"tel\" id=\"sfsydxnmxfeesibbzvnfzrfomkzlgdfvayar\" name=\"itrktlbdbrulwkixdbmjqeffbsequlvkidzq\" placeholder=\"Telefon\" required pattern=\"%5B0-9()#&amp;+*-=.%5D+\" data-type=\"Tel\" data-label=\"\u041d\u043e\u043c\u0435\u0440 \u0442\u0435\u043b\u0435\u0444\u043e\u043d\u0430\" data-placeholder=\"\u041d\u043e\u043c\u0435\u0440 \u0442\u0435\u043b\u0435\u0444\u043e\u043d\u0430\" class=\"brz-input brz-forms2__field brz-forms2__field-tel\"><\/div>\n<div class=\"brz-forms2__item brz-css-supot brz-css-natdj brz-css-ejhbj brz-css-snrrj\"><textarea id=\"rctcnlqtyzqjzgdqqtjmwseldxqavgnghapt\" name=\"llfbzregvrjoyhdixmhpohudxskhbpgthwen\" placeholder=\"Mesaj\" data-type=\"Paragraph\" data-label=\"\u0421\u043e\u043e\u0431\u0449\u0435\u043d\u0438\u0435\" data-placeholder=\"\u0421\u043e\u043e\u0431\u0449\u0435\u043d\u0438\u0435\" class=\"brz-textarea brz-forms2__field brz-forms2__field-paragraph\"><\/textarea><\/div>\n<div class=\"brz-forms2 brz-forms2__item brz-forms2__item-button\" data-custom-id=\"imrhorejqlrawvwezpnuvoyoksheeztnexhi\"><button id class=\"brz-btn brz-btn-submit brz-css-wxuwa brz-css-btovp\" data-custom-id=\"stpfvcoaasigrnyrzgkhgrmtffwpujqrgasp\"><svg version=\"1.1\" xmlns=\"http:\/\/www.w3.org\/2000\/svg\" xmlns:xlink=\"http:\/\/www.w3.org\/1999\/xlink\" x=\"0px\" y=\"0px\" viewbox=\"0 0 24 24\" xml:space=\"preserve\" class=\"brz-icon-svg align-[initial] brz-css-eproj\" data-type=\"outline\" data-name=\"tail-right\"><g transform=\"translate(0, 0)\" class=\"nc-icon-wrapper\" fill=\"none\"><line data-cap=\"butt\" data-color=\"color-2\" fill=\"none\" stroke=\"currentColor\" vector-effect=\"non-scaling-stroke\" stroke-miterlimit=\"10\" x1=\"2\" y1=\"12\" x2=\"22\" y2=\"12\" stroke-linejoin=\"miter\" stroke-linecap=\"butt\"\/> <polyline fill=\"none\" stroke=\"currentColor\" vector-effect=\"non-scaling-stroke\" stroke-linecap=\"square\" stroke-miterlimit=\"10\" points=\"15,5 22,12 15,19 \" stroke-linejoin=\"miter\"\/><\/g><\/svg><span class=\"brz-span brz-text__editor\">TRIMITE<\/span><\/button><svg version=\"1.1\" xmlns=\"http:\/\/www.w3.org\/2000\/svg\" xmlns:xlink=\"http:\/\/www.w3.org\/1999\/xlink\" x=\"0px\" y=\"0px\" viewbox=\"0 0 24 24\" xml:space=\"preserve\" class=\"brz-icon-svg align-[initial] brz-form-spinner brz-invisible brz-ed-animated--spin\" data-type=\"glyph\" data-name=\"circle-02\"><g class=\"nc-icon-wrapper\" fill=\"currentColor\"><g class=\"nc-loop_circle-02-24\" transform=\"rotate(360 12 12)\"> <path opacity=\"0.4\" fill=\"currentColor\" d=\"M12,24C5.3833008,24,0,18.6166992,0,12S5.3833008,0,12,0s12,5.3833008,12,12 S18.6166992,24,12,24z M12,2C6.4858398,2,2,6.4858398,2,12s4.4858398,10,10,10s10-4.4858398,10-10S17.5141602,2,12,2z\"\/> <path data-color=\"color-2\" fill=\"currentColor\" d=\"M24,12h-2c0-5.5141602-4.4858398-10-10-10V0C18.6166992,0,24,5.3833008,24,12z\"\/> <\/g> <script>!function(){function t(t){this.element=t,this.animationId,this.start=null,this.init()}if(!window.requestAnimationFrame){var i=null;window.requestAnimationFrame=function(t,n){var e=(new Date).getTime();i||(i=e);var a=Math.max(0,16-(e-i)),o=window.setTimeout(function(){t(e+a)},a);return i=e+a,o}}t.prototype.init=function(){var t=this;this.animationId=window.requestAnimationFrame(t.triggerAnimation.bind(t))},t.prototype.reset=function(){var t=this;window.cancelAnimationFrame(t.animationId)},t.prototype.triggerAnimation=function(t){var i=this;this.start||(this.start=t);var n=t-this.start;504>n||(this.start=this.start+504),this.element.setAttribute(\"transform\",\"rotate(\"+Math.min(n\/1.4,360)+\" 12 12)\");if(document.documentElement.contains(this.element))window.requestAnimationFrame(i.triggerAnimation.bind(i))};var n=document.getElementsByClassName(\"nc-loop_circle-02-24\"),e=[];if(n)for(var a=0;n.length>a;a++)!function(i){e.push(new t(n[i]))}(a);document.addEventListener(\"visibilitychange\",function(){\"hidden\"==document.visibilityState?e.forEach(function(t){t.reset()}):e.forEach(function(t){t.init()})})}();<\/script><\/g><\/svg><\/div>\n<\/form>\n<\/div>\n<\/div>\n<\/div>\n<\/div>\n<div class=\"brz-columns brz-css-ezytw brz-css-gfzwd\" data-custom-id=\"mqvqwzykgjgrmhptfstjttsswhpozaefwygy\">\n<div class=\"brz-bg overflow-hidden !z-auto absolute top-0 left-0 w-full h-full\"><\/div>\n<div class=\"brz-column__items brz-css-azflv brz-css-yigim\">\n<div class=\"brz-css-bzqpy brz-css-dzymm brz-wrapper\">\n<div class=\"brz-rich-text brz-rich-text__custom brz-css-gydln\" data-custom-id=\"qlmtxvhvxhvqmsbedqswkkblaazjwpugqahh\">\n<div>\n<p class=\"brz-css-vwqod\" data-generated-css=\"brz-css-iqdnv\" data-uniq-id=\"ohaut\"><span style=\"background-color: transparent;\" class=\"brz-cp-color3\">ADRESA<\/span><\/p>\n<\/div>\n<\/div>\n<\/div>\n<div class=\"brz-css-bzqpy brz-wrapper\">\n<div class=\"brz-rich-text brz-rich-text__custom brz-css-gydln\" data-custom-id=\"blrldpjclwnozzxobxlpssihuxvraogguzmb\">\n<div>\n<p class=\"brz-css-roblr\" data-generated-css=\"brz-css-qsbta\" data-uniq-id=\"wbfmh\"><strong class=\"brz-cp-color7\">Birou \u00een Chi\u0219in\u0103u, <\/strong><\/p>\n<p class=\"brz-css-wfqyg\" data-generated-css=\"brz-css-izgmq\" data-uniq-id=\"hcbii\"><span class=\"brz-cp-color7\">Bd. \u0218tefan cel Mare \u0219i Sf\u00e2nt 123 V<\/span><\/p>\n<p class=\"brz-css-zzcjb\" data-generated-css=\"brz-css-figtn\" data-uniq-id=\"kzmqh\"><span class=\"brz-cp-color7\">(sediul FARM)<\/span><\/p>\n<p class=\"brz-css-thrdz\" data-generated-css=\"brz-css-mtazy\" data-uniq-id=\"pvnnj\"><strong class=\"brz-cp-color7\">Biblioteca din Orhei<\/strong><\/p>\n<p class=\"brz-css-uzute\" data-generated-css=\"brz-css-jbdpu\" data-uniq-id=\"ndjjm\"><span class=\"brz-cp-color7\">Strada Zorilor 12<\/span><\/p>\n<p class=\"brz-css-iqkpk\" data-generated-css=\"brz-css-zyquv\" data-uniq-id=\"fqmaq\"><strong class=\"brz-cp-color7\">Ore de lucru: <\/strong><\/p>\n<p class=\"brz-css-tceix\" data-generated-css=\"brz-css-skkpm\" data-uniq-id=\"tbluf\"><span class=\"brz-cp-color7\">\u00cen fiecare s\u00e2mb\u0103t\u0103, de la ora 13:00 p\u00e2n\u0103 la 15:00.<\/span><\/p>\n<\/div>\n<\/div>\n<\/div>\n<div class=\"brz-css-bzqpy brz-css-osliy brz-wrapper\">\n<div class=\"brz-rich-text brz-rich-text__custom brz-css-gydln\" data-custom-id=\"kibmtutonhmzcdwupmolcmsneaaqbztrlcwq\">\n<div>\n<p class=\"brz-css-njjxc\" data-generated-css=\"brz-css-ddcim\" data-uniq-id=\"kmdpx\"><span style=\"background-color: transparent;\" class=\"brz-cp-color3\">TELEFOANE<\/span><\/p>\n<\/div>\n<\/div>\n<\/div>\n<div class=\"brz-css-bzqpy brz-wrapper\">\n<div class=\"brz-rich-text brz-rich-text__custom brz-css-gydln\" data-custom-id=\"lksipjdxpjhiuounlvrqcpumvrrtmrrbobqp\">\n<div>\n<p class=\"brz-css-boptf\" data-generated-css=\"brz-css-uycpv\" data-uniq-id=\"avrov\"><span class=\"brz-cp-color7\">079-601-807 (Viber, WhatsApp, Telegram)<\/span><\/p>\n<p class=\"brz-css-ivbwu\" data-generated-css=\"brz-css-eorkd\" data-uniq-id=\"vjnsu\"><span class=\"brz-cp-color7\">060-12-03-03 (Viber, WhatsApp, Telegram)<\/span><\/p>\n<\/div>\n<\/div>\n<\/div>\n<\/div>\n<\/div>\n<\/div>\n<\/div>\n<\/div>\n<\/div>\n<\/section>\n<\/div>\n<p>    <!-- version:1683619791 --><\/p>","protected":false},"excerpt":{"rendered":"<p>\u041d\u0430\u043f\u0438\u0448\u0438\u0442\u0435 \u043d\u0430\u043c \u041e\u0422\u041f\u0420\u0410\u0412\u0418\u0422\u042c \u0410\u0414\u0420\u0415\u0421\u0410 \u041e\u0444\u0438\u0441 \u0432 \u041a\u0438\u0448\u0438\u043d\u0435\u0432\u0435, \u0443\u043b. \u0428\u0442\u0435\u0444\u0430\u043d \u0447\u0435\u043b \u041c\u0430\u0440\u0435 123V (\u0437\u0434\u0430\u043d\u0438\u0435 FARM) \u0411\u0438\u0431\u043b\u0438\u043e\u0442\u0435\u043a\u0430 \u0432 \u041e\u0440\u0433\u0435\u0435\u0432\u0435: \u0443\u043b. \u0417\u043e\u0440\u0438\u043b\u043e\u0440 12 \u0412\u0440\u0435\u043c\u044f \u0440\u0430\u0431\u043e\u0442\u044b \u0431\u0438\u0431\u043b\u0438\u043e\u0442\u0435\u043a\u0438: \u043f\u043e \u0441\u0443\u0431\u0431\u043e\u0442\u0430\u043c \u0441 13:00 \u043f\u043e 15:00. \u0422\u0415\u041b\u0415\u0424\u041e\u041d\u042b 079-601-807 (Viber, WhatsApp, Telegram) 060-12-03-03 (Viber, WhatsApp, Telegram)<\/p>","protected":false},"author":1,"featured_media":0,"parent":0,"menu_order":0,"comment_status":"closed","ping_status":"closed","template":"visual-builder-template.php","meta":{"footnotes":""},"class_list":["post-69","page","type-page","status-publish","hentry"],"_links":{"self":[{"href":"https:\/\/www.ongsolaris.md\/ro\/wp-json\/wp\/v2\/pages\/69","targetHints":{"allow":["GET"]}}],"collection":[{"href":"https:\/\/www.ongsolaris.md\/ro\/wp-json\/wp\/v2\/pages"}],"about":[{"href":"https:\/\/www.ongsolaris.md\/ro\/wp-json\/wp\/v2\/types\/page"}],"author":[{"embeddable":true,"href":"https:\/\/www.ongsolaris.md\/ro\/wp-json\/wp\/v2\/users\/1"}],"replies":[{"embeddable":true,"href":"https:\/\/www.ongsolaris.md\/ro\/wp-json\/wp\/v2\/comments?post=69"}],"version-history":[{"count":6,"href":"https:\/\/www.ongsolaris.md\/ro\/wp-json\/wp\/v2\/pages\/69\/revisions"}],"predecessor-version":[{"id":175,"href":"https:\/\/www.ongsolaris.md\/ro\/wp-json\/wp\/v2\/pages\/69\/revisions\/175"}],"wp:attachment":[{"href":"https:\/\/www.ongsolaris.md\/ro\/wp-json\/wp\/v2\/media?parent=69"}],"curies":[{"name":"wp","href":"https:\/\/api.w.org\/{rel}","templated":true}]}}