{"id":93,"date":"2021-07-14T12:09:08","date_gmt":"2021-07-14T12:09:08","guid":{"rendered":"http:\/\/www.ongsolaris.md\/?page_id=93"},"modified":"2023-05-09T11:09:42","modified_gmt":"2023-05-09T08:09:42","slug":"deyatelnost","status":"publish","type":"page","link":"https:\/\/www.ongsolaris.md\/ro\/deyatelnost\/","title":{"rendered":"Activitate"},"content":{"rendered":"<div class=\"brz-root__container brz-reset-all\">\n<section data-uid=\"ghhsdqnivwfzgnpuiivssniusrpogukmmxvy\" id=\"ghhsdqnivwfzgnpuiivssniusrpogukmmxvy\" name=\"ghhsdqnivwfzgnpuiivssniusrpogukmmxvy\" class=\"brz-section brz-css-rtmcl\">\n<div class=\"brz-section__content brz-section--boxed brz-css-acted brz-css-uhxqc\" data-custom-id=\"shcifoqtlmcgsmcrcnfqskfjrubciuregkwx\">\n<div class=\"brz-bg overflow-hidden !z-auto absolute top-0 left-0 w-full h-full\">\n<div class=\"brz-bg-image absolute top-0 left-0 w-full h-full bg-no-repeat bg-cover\"><\/div>\n<div class=\"brz-bg-color absolute top-0 left-0 w-full h-full\"><\/div>\n<\/div>\n<div class=\"brz-container brz-css-pvqcz\">\n<div class=\"brz-css-kuenl brz-wrapper\">\n<div class=\"brz-rich-text brz-rich-text__custom brz-css-vdntm\" data-custom-id=\"hkypnwyuhuvhimtqmrzyjnxszylyrpgqwazh\">\n<div>\n<p class=\"brz-css-obyqc\"><span class=\"brz-cp-color8\">Activitate<\/span><\/p>\n<\/div>\n<\/div>\n<\/div>\n<\/div>\n<\/div>\n<\/section>\n<section data-uid=\"nmifjfyicysrfsuroctwuangkggeylrxgzlc\" id=\"nmifjfyicysrfsuroctwuangkggeylrxgzlc\" name=\"nmifjfyicysrfsuroctwuangkggeylrxgzlc\" class=\"brz-section brz-css-rtmcl\">\n<div class=\"brz-section__content brz-section--boxed brz-css-acted\" data-custom-id=\"hjvqbcxcjnemnxshyvuoengxxwemeavkawdz\">\n<div class=\"brz-container brz-css-pvqcz\">\n<div class=\"brz-css-kuenl brz-wrapper\">\n<div class=\"brz-rich-text brz-rich-text__custom brz-css-vdntm\" data-custom-id=\"flkqotymsvivjntccuhqbufhwdgmcadpmssc\">\n<div>\n<p class=\"brz-css-culqs\" data-uniq-id=\"wnbfs\" data-generated-css=\"brz-css-wbkxx\">AO \u201eSolaris\u201d este o organiza\u021bie public\u0103 care activeaz\u0103 pe \u00eentreg teritoriul Republicii Moldova.<\/p>\n<p class=\"brz-css-mvvjx\" data-uniq-id=\"wfnwg\" data-generated-css=\"brz-css-ohxoj\">A fost \u00eenregistrat\u0103  la Ministerul Justi\u021biei \u00een 2007, dar activeaz\u0103 de facto din 1997.<\/p>\n<p class=\"brz-css-wgztq\" data-uniq-id=\"kbetz\" data-generated-css=\"brz-css-xpqqc\">Scopul organiza\u021biei \u201eSolaris\u201d este de a contribui la studierea \u0219i promovarea unui concept complex al lumii, al viziunii Eticii Vii, precum \u0219i formarea con\u0219tiin\u021bei ecologice a tinerei genera\u021bii.<\/p>\n<\/div>\n<\/div>\n<\/div>\n<\/div>\n<\/div>\n<\/section>\n<section data-uid=\"sfnqadglyuqotowleajdraapiuzyfswikxko\" id=\"sfnqadglyuqotowleajdraapiuzyfswikxko\" name=\"sfnqadglyuqotowleajdraapiuzyfswikxko\" class=\"brz-section brz-css-rtmcl\">\n<div class=\"brz-section__content brz-section--boxed brz-css-acted brz-css-elmcg\" data-custom-id=\"jayjktlzksdfzfdjfudkvcucxgkqsslixfcq\">\n<div class=\"brz-bg overflow-hidden !z-auto absolute top-0 left-0 w-full h-full\">\n<div class=\"brz-bg-color absolute top-0 left-0 w-full h-full\"><\/div>\n<\/div>\n<div class=\"brz-container brz-css-pvqcz\">\n<div class=\"brz-css-kuenl brz-wrapper\">\n<div class=\"brz-rich-text brz-rich-text__custom brz-css-vdntm\" data-custom-id=\"brsaxnxgjwjwavhlbsyhcoffehnhhmabrdcl\">\n<div>\n<p class=\"brz-css-kcxtg\" data-uniq-id=\"qemld\" data-generated-css=\"brz-css-qbxgv\"><strong class=\"brz-cp-color8\">\u00cen ultimii 5 ani, organiza\u021bia a desf\u0103\u0219urat urm\u0103toarele activit\u0103\u021bi:<\/strong><\/p>\n<p class=\"brz-css-gdkgg\" data-uniq-id=\"tmuti\" data-generated-css=\"brz-css-wgkya\"><\/p>\n<p class=\"brz-css-donlg\" data-uniq-id=\"jbmpj\" data-generated-css=\"brz-css-lbcdp\"><span class=\"brz-cp-color8\">1. Lec\u0163ii \u00een \u0219coli:<\/span><\/p>\n<p class=\"brz-css-ajsvb\" data-uniq-id=\"wlago\" data-generated-css=\"brz-css-repdp\"><span class=\"brz-cp-color8\"> Au fost realizate 134 de lec\u021bii \u00een 40 de \u0219coli din Moldova pe temele: \u201eCompasiunea\u201d, \u201eEnergia g\u00e2ndului\u201d, \u201eNoile energii cosmice\u201d, \u201eMisterul apei\u201d, \u201eRolul virginit\u0103\u0163ii \u00een via\u0163a omului\u201d, \u201eMisterul sunetului\u201d, \u201ePrevenirea producerii de\u0219eurilor (cultura de reciclare a de\u0219eurilor), ecologia con\u0219tiin\u021bei\u201d, altele;<\/span><\/p>\n<p class=\"brz-css-bkhwh\" data-uniq-id=\"hsrng\" data-generated-css=\"brz-css-dnlgb\"><span class=\"brz-cp-color8\">2. Organizarea bibliotecilor mobile \u00een diverse localit\u0103\u021bi din \u0163ar\u0103;<\/span><\/p>\n<p class=\"brz-css-jhhxp\" data-uniq-id=\"nutak\" data-generated-css=\"brz-css-wfhpg\"><span class=\"brz-cp-color8\">3. Organizarea expozi\u0163iilor mobile ale tablourilor (copiilor facsimile) ale lui Nicolae \u0219i Sveatoslav Roerich \u00een Republica Moldova. <\/span><\/p>\n<p class=\"brz-css-dphjs\" data-uniq-id=\"aalgf\" data-generated-css=\"brz-css-pglun\"><span class=\"brz-cp-color8\">.<\/span><\/p>\n<p class=\"brz-css-sakdl\" data-uniq-id=\"swcwb\" data-generated-css=\"brz-css-ogqkb\"><span class=\"brz-cp-color8\">4. Desf\u0103\u0219urarea \u00een institu\u021biile de \u00eenv\u0103\u021b\u0103m\u00e2nt din municipiul \u0219i raionul Orhei a Concursului Interna\u021bional de crea\u021bie pentru copii \u201eDrapelul P\u0103cii \u00een Cosmos\u201d, 2016-2022;<\/span><\/p>\n<p class=\"brz-css-djuyx\" data-uniq-id=\"ucxbc\" data-generated-css=\"brz-css-tlpfg\"><span class=\"brz-cp-color8\">5. Colaborarea cu AO \u201eAripile Speran\u021bei\u201d (mun. Orhei), co-fondarea \u201e\u0218colii Pacien\u0163ilor\u201d,<\/span><\/p>\n<p class=\"brz-css-qrzaj\" data-uniq-id=\"lxxme\" data-generated-css=\"brz-css-atmwc\"><span class=\"brz-cp-color8\"> participarea la evenimente caritabile, concerte, t\u00e2rguri de Cr\u0103ciun \u0219i Pa\u0219te pentru sus\u0163inerea pacien\u021bilor grav bolnavi;<\/span><\/p>\n<p class=\"brz-css-ivpnd\" data-uniq-id=\"xyrct\" data-generated-css=\"brz-css-rctls\"><span class=\"brz-cp-color8\">6. Colaborarea \u0219i realizarea \u00eentrunirilor cu reprezentan\u021bi ai diverselor confesiuni (Moldova, Ucraina, India, Rusia);<\/span><\/p>\n<p class=\"brz-css-urkav\" data-uniq-id=\"jagyw\" data-generated-css=\"brz-css-omzpv\"><span class=\"brz-cp-color8\">7. Traducerea \u0219i publicarea c\u0103r\u021bilor Eticii Vii \u00een limba rom\u00e2n\u0103,<\/span><\/p>\n<p class=\"brz-css-psvvb\" data-uniq-id=\"mprbr\" data-generated-css=\"brz-css-nscgz\"><span class=\"brz-cp-color8\"> publicarea c\u0103r\u021bilor cu fragmente din Etica Vie \u0219i perle ale g\u00e2ndirii Marilor Mae\u0219tri, distribuirea c\u0103r\u021bilor \u00een bibliotecile din Republica Moldova \u0219i Rom\u00e2nia;<\/span><\/p>\n<p class=\"brz-css-ugdft\" data-uniq-id=\"rduew\" data-generated-css=\"brz-css-udfrf\"><span class=\"brz-cp-color8\">8. Implementarea \u00een parteneriat cu AO \u201eUranus\u201d al proiectului \u201eGestionarea participativ\u0103 a problemelor ecologice \u00een comuna Seli\u015fte, raionul Orhei\u02ee cu scopul inform\u0103rii, sensibiliz\u0103rii \u015fi instruirii locuitorilor comunei la subiectele de educa\u0163ie ecologic\u0103 \u015fi situa\u0163ia de gestionare a de\u015feurilor \u015fi resurselor de ap\u0103, c\u00e2t \u0219i formarea con\u0219tiin\u021bei ecologice a tinerei genera\u021bii din comuna Seli\u0219te.<\/span><\/p>\n<\/div>\n<\/div>\n<\/div>\n<\/div>\n<\/div>\n<\/section>\n<section data-uid=\"ncyurbywashkhaacoxbbldzgvqdlcyxhnwkm\" id=\"ncyurbywashkhaacoxbbldzgvqdlcyxhnwkm\" name=\"ncyurbywashkhaacoxbbldzgvqdlcyxhnwkm\" class=\"brz-section brz-css-rtmcl\">\n<div class=\"brz-section__content brz-section--boxed brz-css-acted brz-css-dycqv\" data-custom-id=\"mlsqwvutnxzjhucbfhmuwqdmyvwlubxbtnzi\">\n<div class=\"brz-bg overflow-hidden !z-auto absolute top-0 left-0 w-full h-full\">\n<div class=\"brz-bg-color absolute top-0 left-0 w-full h-full\"><\/div>\n<\/div>\n<div class=\"brz-container brz-css-pvqcz\">\n<div class=\"brz-css-kuenl brz-css-dyzaj brz-wrapper\">\n<div class=\"brz-rich-text brz-rich-text__custom brz-css-vdntm\" data-custom-id=\"vmcyfhzvwaomdgvnmwwtavgqdgppbqupdajj\">\n<div>\n<h1 class=\"brz-css-uwsnt\" data-uniq-id=\"jmrib\" data-generated-css=\"brz-css-gapzh\"><strong>Foto<\/strong><\/h1>\n<\/div>\n<\/div>\n<\/div>\n<div class=\"brz-row__container brz-css-ejvel\" data-custom-id=\"ngpuslvbxsjdzjctoddywyqseicucnwzenjb\">\n<div class=\"brz-bg overflow-hidden !z-auto absolute top-0 left-0 w-full h-full\"><\/div>\n<div class=\"brz-row brz-css-gczxe brz-css-hkecn\">\n<div class=\"brz-columns brz-css-xcecu brz-css-knamz\" data-custom-id=\"ugnblsrtsfslyexitnuaplugolqgycfojexg\">\n<div class=\"brz-bg overflow-hidden !z-auto absolute top-0 left-0 w-full h-full\"><\/div>\n<div class=\"brz-column__items brz-css-dgcgh\">\n<div class=\"brz-css-kuenl brz-css-kvrhn brz-wrapper\">\n<div class=\"brz-image brz-css-cczxz\"><picture class=\"brz-picture brz-d-block brz-p-relative brz-css-xlwxp\" data-custom-id=\"hlxxelisrltlpbsppkopdfqpncmpeeazawts\"><source srcset=\"https:\/\/www.ongsolaris.md\/wp-content\/uploads\/brizy\/imgs\/img-7ff86b972872f4e66bc7fee7e8b95a4d-v-356x475x0x40x356x395x1655401023.jpg 1x, https:\/\/www.ongsolaris.md\/wp-content\/uploads\/brizy\/imgs\/img-7ff86b972872f4e66bc7fee7e8b95a4d-v-712x950x0x80x712x790x1655401023.jpg 2x\" media=\"(min-width: 992px)\"><source srcset=\"https:\/\/www.ongsolaris.md\/wp-content\/uploads\/brizy\/imgs\/img-7ff86b972872f4e66bc7fee7e8b95a4d-v-223x298x0x25x223x248x1655401023.jpg 1x, https:\/\/www.ongsolaris.md\/wp-content\/uploads\/brizy\/imgs\/img-7ff86b972872f4e66bc7fee7e8b95a4d-v-446x596x0x50x446x496x1655401023.jpg 2x\" media=\"(min-width: 768px)\"><img decoding=\"async\" class=\"brz-img\" srcset=\"\" src=\"https:\/\/www.ongsolaris.md\/wp-content\/uploads\/brizy\/imgs\/img-7ff86b972872f4e66bc7fee7e8b95a4d-v-356x475x0x40x356x395x1655401023.jpg\" alt=\"\" draggable=\"false\" loading=\"lazy\" data-srcset=\"\"><\/picture><\/div>\n<\/div>\n<\/div>\n<\/div>\n<div class=\"brz-columns brz-css-xcecu brz-css-ihqlk\" data-custom-id=\"tmhhocxbulaoedmsxrrmcbmdkiuacsaaeanj\">\n<div class=\"brz-bg overflow-hidden !z-auto absolute top-0 left-0 w-full h-full\"><\/div>\n<div class=\"brz-column__items brz-css-dgcgh\">\n<div class=\"brz-css-kuenl brz-css-xxbzk brz-wrapper\">\n<div class=\"brz-image brz-css-nzgow\"><picture class=\"brz-picture brz-d-block brz-p-relative brz-css-bdfay\" data-custom-id=\"kevqtigwkxwjgbizzoadlmsuscoizicfvtsm\"><source srcset=\"https:\/\/www.ongsolaris.md\/wp-content\/uploads\/brizy\/imgs\/img_20211009_224642-scaled-356x420x0x12x356x395x1655401020.jpg 1x, https:\/\/www.ongsolaris.md\/wp-content\/uploads\/brizy\/imgs\/img_20211009_224642-scaled-712x840x0x24x712x790x1655401020.jpg 2x\" media=\"(min-width: 992px)\"><source srcset=\"https:\/\/www.ongsolaris.md\/wp-content\/uploads\/brizy\/imgs\/img_20211009_224642-scaled-223x263x0x8x223x248x1655401020.jpg 1x, https:\/\/www.ongsolaris.md\/wp-content\/uploads\/brizy\/imgs\/img_20211009_224642-scaled-446x526x0x16x446x496x1655401020.jpg 2x\" media=\"(min-width: 768px)\"><img decoding=\"async\" class=\"brz-img\" srcset=\"\" src=\"https:\/\/www.ongsolaris.md\/wp-content\/uploads\/brizy\/imgs\/img_20211009_224642-scaled-356x420x0x12x356x395x1655401020.jpg\" alt=\"\" draggable=\"false\" loading=\"lazy\" data-srcset=\"\"><\/picture><\/div>\n<\/div>\n<\/div>\n<\/div>\n<div class=\"brz-columns brz-css-xcecu brz-css-kxdjy\" data-custom-id=\"qkobnrstcbnzpjmiuoobpkywkymjjthkejrj\">\n<div class=\"brz-bg overflow-hidden !z-auto absolute top-0 left-0 w-full h-full\"><\/div>\n<div class=\"brz-column__items brz-css-dgcgh\">\n<div class=\"brz-css-kuenl brz-css-dtuuf brz-wrapper\">\n<div class=\"brz-image brz-css-wurnv\"><picture class=\"brz-picture brz-d-block brz-p-relative brz-css-xuuit\" data-custom-id=\"stcldwvadcpjwxpibusimeugchalvcokztzr\"><source srcset=\"https:\/\/www.ongsolaris.md\/wp-content\/uploads\/brizy\/imgs\/img_20190713_130027_hdr-scaled-725x408x178x0x368x408x1655400996.jpg 1x, https:\/\/www.ongsolaris.md\/wp-content\/uploads\/brizy\/imgs\/img_20190713_130027_hdr-scaled-1450x816x356x0x736x816x1655400996.jpg 2x\" media=\"(min-width: 992px)\"><source srcset=\"https:\/\/www.ongsolaris.md\/wp-content\/uploads\/brizy\/imgs\/img_20190713_130027_hdr-scaled-455x256x112x0x231x256x1655400996.jpg 1x, https:\/\/www.ongsolaris.md\/wp-content\/uploads\/brizy\/imgs\/img_20190713_130027_hdr-scaled-910x512x224x0x462x512x1655400996.jpg 2x\" media=\"(min-width: 768px)\"><img decoding=\"async\" class=\"brz-img\" srcset=\"\" src=\"https:\/\/www.ongsolaris.md\/wp-content\/uploads\/brizy\/imgs\/img_20190713_130027_hdr-scaled-725x408x178x0x368x408x1655400996.jpg\" alt=\"\" draggable=\"false\" loading=\"lazy\" data-srcset=\"\"><\/picture><\/div>\n<\/div>\n<\/div>\n<\/div>\n<\/div>\n<\/div>\n<div class=\"brz-row__container brz-css-ejvel\" data-custom-id=\"vwhonuelyjmygutejbaxplbprrwstwwlunpx\">\n<div class=\"brz-bg overflow-hidden !z-auto absolute top-0 left-0 w-full h-full\"><\/div>\n<div class=\"brz-row brz-css-gczxe brz-css-hkecn\">\n<div class=\"brz-columns brz-css-xcecu brz-css-sttav\" data-custom-id=\"wympcysxylccqhlodjwclneuaiemqqzhbtvh\">\n<div class=\"brz-bg overflow-hidden !z-auto absolute top-0 left-0 w-full h-full\"><\/div>\n<div class=\"brz-column__items brz-css-dgcgh\">\n<div class=\"brz-css-kuenl brz-css-fzpuh brz-wrapper\">\n<div class=\"brz-image brz-css-tlotk\"><picture class=\"brz-picture brz-d-block brz-p-relative brz-css-gmqds\" data-custom-id=\"oxapglzniiizfpiznlfmqfdhnvjrsqiioase\"><source srcset=\"https:\/\/www.ongsolaris.md\/wp-content\/uploads\/brizy\/imgs\/img_20190707_100708_hdr-scaled-702x395x173x0x356x395x1655400990.jpg 1x, https:\/\/www.ongsolaris.md\/wp-content\/uploads\/brizy\/imgs\/img_20190707_100708_hdr-scaled-1404x790x346x0x712x790x1655400990.jpg 2x\" media=\"(min-width: 992px)\"><source srcset=\"https:\/\/www.ongsolaris.md\/wp-content\/uploads\/brizy\/imgs\/img_20190707_100708_hdr-scaled-440x248x108x0x223x248x1655400990.jpg 1x, https:\/\/www.ongsolaris.md\/wp-content\/uploads\/brizy\/imgs\/img_20190707_100708_hdr-scaled-880x496x216x0x446x496x1655400990.jpg 2x\" media=\"(min-width: 768px)\"><img decoding=\"async\" class=\"brz-img\" srcset=\"\" src=\"https:\/\/www.ongsolaris.md\/wp-content\/uploads\/brizy\/imgs\/img_20190707_100708_hdr-scaled-702x395x173x0x356x395x1655400990.jpg\" alt=\"\" draggable=\"false\" loading=\"lazy\" data-srcset=\"\"><\/picture><\/div>\n<\/div>\n<\/div>\n<\/div>\n<div class=\"brz-columns brz-css-xcecu brz-css-hszgz\" data-custom-id=\"ytdejfrwsrsoffrjvevmvsjevjzvrybtzrix\">\n<div class=\"brz-bg overflow-hidden !z-auto absolute top-0 left-0 w-full h-full\"><\/div>\n<div class=\"brz-column__items brz-css-dgcgh\">\n<div class=\"brz-css-kuenl brz-css-wrzua brz-wrapper\">\n<div class=\"brz-image brz-css-cwbxa\"><picture class=\"brz-picture brz-d-block brz-p-relative brz-css-fysxw\" data-custom-id=\"hktfytdstohupogjuuqfjicgmiletmjjataz\"><source srcset=\"https:\/\/www.ongsolaris.md\/wp-content\/uploads\/brizy\/imgs\/img_20190505_115440-scaled-702x395x173x0x356x395x1655400977.jpg 1x, https:\/\/www.ongsolaris.md\/wp-content\/uploads\/brizy\/imgs\/img_20190505_115440-scaled-1404x790x346x0x712x790x1655400977.jpg 2x\" media=\"(min-width: 992px)\"><source srcset=\"https:\/\/www.ongsolaris.md\/wp-content\/uploads\/brizy\/imgs\/img_20190505_115440-scaled-440x248x108x0x223x248x1655400977.jpg 1x, https:\/\/www.ongsolaris.md\/wp-content\/uploads\/brizy\/imgs\/img_20190505_115440-scaled-880x496x216x0x446x496x1655400977.jpg 2x\" media=\"(min-width: 768px)\"><img decoding=\"async\" class=\"brz-img\" srcset=\"\" src=\"https:\/\/www.ongsolaris.md\/wp-content\/uploads\/brizy\/imgs\/img_20190505_115440-scaled-702x395x173x0x356x395x1655400977.jpg\" alt=\"\" draggable=\"false\" loading=\"lazy\" data-srcset=\"\"><\/picture><\/div>\n<\/div>\n<\/div>\n<\/div>\n<div class=\"brz-columns brz-css-xcecu brz-css-pqtic\" data-custom-id=\"gzsepgcbzgusynpawrgucqvwpksuaswgubjm\">\n<div class=\"brz-bg overflow-hidden !z-auto absolute top-0 left-0 w-full h-full\"><\/div>\n<div class=\"brz-column__items brz-css-dgcgh\">\n<div class=\"brz-css-kuenl brz-css-zbofu brz-wrapper\">\n<div class=\"brz-image brz-css-auzbs\"><picture class=\"brz-picture brz-d-block brz-p-relative brz-css-zpgba\" data-custom-id=\"pdbjngntggawsjscmhcrzxlkqwzzygskxslr\"><source srcset=\"https:\/\/www.ongsolaris.md\/wp-content\/uploads\/brizy\/imgs\/img_20190601_135105_hdr-scaled-725x408x178x0x368x408x1655400981.jpg 1x, https:\/\/www.ongsolaris.md\/wp-content\/uploads\/brizy\/imgs\/img_20190601_135105_hdr-scaled-1450x816x356x0x736x816x1655400981.jpg 2x\" media=\"(min-width: 992px)\"><source srcset=\"https:\/\/www.ongsolaris.md\/wp-content\/uploads\/brizy\/imgs\/img_20190601_135105_hdr-scaled-455x256x112x0x231x256x1655400981.jpg 1x, https:\/\/www.ongsolaris.md\/wp-content\/uploads\/brizy\/imgs\/img_20190601_135105_hdr-scaled-910x512x224x0x462x512x1655400981.jpg 2x\" media=\"(min-width: 768px)\"><img decoding=\"async\" class=\"brz-img\" srcset=\"\" src=\"https:\/\/www.ongsolaris.md\/wp-content\/uploads\/brizy\/imgs\/img_20190601_135105_hdr-scaled-725x408x178x0x368x408x1655400981.jpg\" alt=\"\" draggable=\"false\" loading=\"lazy\" data-srcset=\"\"><\/picture><\/div>\n<\/div>\n<\/div>\n<\/div>\n<\/div>\n<\/div>\n<\/div>\n<\/div>\n<\/section>\n<\/div>\n<p>    <!-- version:1683619782 --><\/p>","protected":false},"excerpt":{"rendered":"<p>\u0414\u0435\u044f\u0442\u0435\u043b\u044c\u043d\u043e\u0441\u0442\u044c \u041e\u041e \u00ab\u0421\u043e\u043b\u044f\u0440\u0438\u0441\u00bb &#8212; \u044d\u0442\u043e \u043e\u0431\u0449\u0435\u0441\u0442\u0432\u0435\u043d\u043d\u0430\u044f \u043e\u0440\u0433\u0430\u043d\u0438\u0437\u0430\u0446\u0438\u044f, \u0434\u0435\u0439\u0441\u0442\u0432\u0443\u044e\u0449\u0430\u044f \u043d\u0430 \u0432\u0441\u0435\u0439 \u0442\u0435\u0440\u0440\u0438\u0442\u043e\u0440\u0438\u0438 \u0420\u0435\u0441\u043f\u0443\u0431\u043b\u0438\u043a\u0438 \u041c\u043e\u043b\u0434\u043e\u0432\u0430. \u0417\u0430\u0440\u0435\u0433\u0438\u0441\u0442\u0440\u0438\u0440\u043e\u0432\u0430\u043d\u0430 \u0432 \u041c\u0438\u043d\u0438\u0441\u0442\u0435\u0440\u0441\u0442\u0432\u0435 \u042e\u0441\u0442\u0438\u0446\u0438\u0438 \u0432 2007 \u0433\u043e\u0434\u0443, \u043d\u043e \u043d\u0435\u043e\u0444\u0438\u0446\u0438\u0430\u043b\u044c\u043d\u043e \u0434\u0435\u0439\u0441\u0442\u0432\u0443\u0435\u0442 \u0441 1997 \u0433\u043e\u0434\u0430. \u0426\u0435\u043b\u044c \u043e\u0440\u0433\u0430\u043d\u0438\u0437\u0430\u0446\u0438\u0438 \u00ab\u0421\u043e\u043b\u044f\u0440\u0438\u0441\u00bb &#8212; \u0441\u043f\u043e\u0441\u043e\u0431\u0441\u0442\u0432\u043e\u0432\u0430\u0442\u044c \u0438\u0437\u0443\u0447\u0435\u043d\u0438\u044e \u0438 \u043f\u0440\u043e\u0434\u0432\u0438\u0436\u0435\u043d\u0438\u044e \u043a\u043e\u043c\u043f\u043b\u0435\u043a\u0441\u043d\u043e\u0439 \u043a\u043e\u043d\u0446\u0435\u043f\u0446\u0438\u0438 \u043c\u0438\u0440\u0430; \u043c\u0438\u0440\u043e\u0432\u043e\u0437\u0437\u0440\u0435\u043d\u0438\u044f \u0416\u0438\u0432\u043e\u0439 \u042d\u0442\u0438\u043a\u0438 \u0438 \u0444\u043e\u0440\u043c\u0438\u0440\u043e\u0432\u0430\u043d\u0438\u044e \u044d\u043a\u043e\u043b\u043e\u0433\u0438\u0438 \u0441\u043e\u0437\u043d\u0430\u043d\u0438\u044f \u043c\u043e\u043b\u043e\u0434\u043e\u0433\u043e \u043f\u043e\u043a\u043e\u043b\u0435\u043d\u0438\u044f. \u0417\u0430 \u043f\u043e\u0441\u043b\u0435\u0434\u043d\u0438\u0435 5 \u043b\u0435\u0442 \u043e\u0440\u0433\u0430\u043d\u0438\u0437\u0430\u0446\u0438\u044f \u043f\u0440\u043e\u0432\u0435\u043b\u0430 \u0441\u043b\u0435\u0434\u0443\u044e\u0449\u0438\u0435 \u043c\u0435\u0440\u043e\u043f\u0440\u0438\u044f\u0442\u0438\u044f: 1. [&hellip;]<\/p>","protected":false},"author":1,"featured_media":0,"parent":0,"menu_order":0,"comment_status":"closed","ping_status":"closed","template":"visual-builder-template.php","meta":{"footnotes":""},"class_list":["post-93","page","type-page","status-publish","hentry"],"_links":{"self":[{"href":"https:\/\/www.ongsolaris.md\/ro\/wp-json\/wp\/v2\/pages\/93","targetHints":{"allow":["GET"]}}],"collection":[{"href":"https:\/\/www.ongsolaris.md\/ro\/wp-json\/wp\/v2\/pages"}],"about":[{"href":"https:\/\/www.ongsolaris.md\/ro\/wp-json\/wp\/v2\/types\/page"}],"author":[{"embeddable":true,"href":"https:\/\/www.ongsolaris.md\/ro\/wp-json\/wp\/v2\/users\/1"}],"replies":[{"embeddable":true,"href":"https:\/\/www.ongsolaris.md\/ro\/wp-json\/wp\/v2\/comments?post=93"}],"version-history":[{"count":18,"href":"https:\/\/www.ongsolaris.md\/ro\/wp-json\/wp\/v2\/pages\/93\/revisions"}],"predecessor-version":[{"id":495,"href":"https:\/\/www.ongsolaris.md\/ro\/wp-json\/wp\/v2\/pages\/93\/revisions\/495"}],"wp:attachment":[{"href":"https:\/\/www.ongsolaris.md\/ro\/wp-json\/wp\/v2\/media?parent=93"}],"curies":[{"name":"wp","href":"https:\/\/api.w.org\/{rel}","templated":true}]}}